{"id":8477,"date":"2025-01-31T16:26:38","date_gmt":"2025-01-31T15:26:38","guid":{"rendered":"https:\/\/psz-neu-ulm.com\/takim\/"},"modified":"2025-12-19T14:41:26","modified_gmt":"2025-12-19T13:41:26","slug":"takim","status":"publish","type":"page","link":"https:\/\/psz-neu-ulm.com\/tr\/takim\/","title":{"rendered":"Tak\u0131m"},"content":{"rendered":"<p><div class=\"fusion-fullwidth fullwidth-box fusion-builder-row-1 fusion-flex-container has-pattern-background has-mask-background nonhundred-percent-fullwidth non-hundred-percent-height-scrolling\" style=\"--awb-border-radius-top-left:0px;--awb-border-radius-top-right:0px;--awb-border-radius-bottom-right:0px;--awb-border-radius-bottom-left:0px;--awb-padding-top:0px;--awb-padding-bottom:0px;--awb-flex-wrap:wrap;\" ><div class=\"fusion-builder-row fusion-row fusion-flex-align-items-flex-start fusion-flex-justify-content-center fusion-flex-content-wrap\" style=\"max-width:1289.6px;margin-left: calc(-4% \/ 2 );margin-right: calc(-4% \/ 2 );\"><div class=\"fusion-layout-column fusion_builder_column fusion-builder-column-0 fusion_builder_column_1_2 1_2 fusion-flex-column\" style=\"--awb-bg-size:cover;--awb-width-large:50%;--awb-margin-top-large:0px;--awb-spacing-right-large:3.84%;--awb-margin-bottom-large:0px;--awb-spacing-left-large:3.84%;--awb-width-medium:50%;--awb-order-medium:0;--awb-spacing-right-medium:3.84%;--awb-spacing-left-medium:3.84%;--awb-width-small:100%;--awb-order-small:0;--awb-spacing-right-small:1.92%;--awb-spacing-left-small:1.92%;\"><div class=\"fusion-column-wrapper fusion-column-has-shadow fusion-flex-justify-content-flex-start fusion-content-layout-column\"><div class=\"fusion-text fusion-text-1\"><h2>Biz kimiz?<\/h2>\n<p>Bizler <strong>psikoterapistler, sosyal hizmet uzmanlar\u0131 ve destek\u00e7ileriz<\/strong>. Neu-Ulm ve \u00e7evresindeki m\u00fcltecilerin iyi durumda olmalar\u0131n\u0131 istiyoruz. Yorucu ka\u00e7\u0131\u015flar\u0131n\u0131n ard\u0131ndan kendilerini toparlayabilmeliler. Bu y\u00fczden bir dernek kurduk.   <\/p>\n<p><strong>Amac\u0131m\u0131z m\u00fcltecilere terapi ve dan\u0131\u015fmanl\u0131k konusunda yard\u0131mc\u0131 olmakt\u0131r.<\/strong><\/p>\n<p>Biz Protestan bir kurulu\u015fuz ve Diakonisches Werk Bayern&#8217;in bir par\u00e7as\u0131y\u0131z.<\/p>\n<\/div><\/div><\/div><div class=\"fusion-layout-column fusion_builder_column fusion-builder-column-1 fusion_builder_column_1_2 1_2 fusion-flex-column\" style=\"--awb-bg-size:cover;--awb-width-large:50%;--awb-margin-top-large:0px;--awb-spacing-right-large:3.84%;--awb-margin-bottom-large:0px;--awb-spacing-left-large:3.84%;--awb-width-medium:50%;--awb-order-medium:0;--awb-spacing-right-medium:3.84%;--awb-spacing-left-medium:3.84%;--awb-width-small:100%;--awb-order-small:0;--awb-spacing-right-small:1.92%;--awb-spacing-left-small:1.92%;\"><div class=\"fusion-column-wrapper fusion-column-has-shadow fusion-flex-justify-content-flex-start fusion-content-layout-column\"><div class=\"fusion-text fusion-text-2\"><h2 class=\"fusion-responsive-typography-calculated\" style=\"--fontsize: 28; line-height: 1.6;\" data-fontsize=\"28\" data-lineheight=\"44.8px\">Bizim i\u00e7in kim \u00e7al\u0131\u015f\u0131yor?<\/h2>\n<p><strong>Simone Lehner<\/strong> ve <strong>Mara Fink<\/strong> bizim i\u00e7in sosyal hizmet uzman\u0131 olarak \u00e7al\u0131\u015f\u0131yorlar.<\/p>\n<p><strong>Johanna Zeitler, Susanne Hensel, Katharina Schleifer ve Christiane Bier<\/strong> psikoterapistlerimizdir. <strong>Johanna Zeitler<\/strong> ayn\u0131 zamanda bir psikiyatristtir.<\/p>\n<p><strong>Anette Nezval ve<\/strong> <strong>Leoni Schubert y\u00f6netim departman\u0131m\u0131zda \u00e7al\u0131\u015fmaktad\u0131r<\/strong>.<\/p>\n<p>Ayr\u0131ca stajyerler ve g\u00f6n\u00fcll\u00fcler taraf\u0131ndan da destekleniyoruz.<\/p>\n<\/div><\/div><\/div><\/div><\/div><div class=\"fusion-fullwidth fullwidth-box fusion-builder-row-2 fusion-flex-container has-pattern-background has-mask-background nonhundred-percent-fullwidth non-hundred-percent-height-scrolling\" style=\"--awb-border-radius-top-left:0px;--awb-border-radius-top-right:0px;--awb-border-radius-bottom-right:0px;--awb-border-radius-bottom-left:0px;--awb-padding-bottom:50px;--awb-flex-wrap:wrap;\" ><div class=\"fusion-builder-row fusion-row fusion-flex-align-items-flex-start fusion-flex-content-wrap\" style=\"max-width:1289.6px;margin-left: calc(-4% \/ 2 );margin-right: calc(-4% \/ 2 );\"><div class=\"fusion-layout-column fusion_builder_column fusion-builder-column-2 fusion_builder_column_1_2 1_2 fusion-flex-column\" style=\"--awb-bg-size:cover;--awb-width-large:50%;--awb-margin-top-large:0px;--awb-spacing-right-large:3.84%;--awb-margin-bottom-large:0px;--awb-spacing-left-large:3.84%;--awb-width-medium:50%;--awb-order-medium:0;--awb-spacing-right-medium:3.84%;--awb-spacing-left-medium:3.84%;--awb-width-small:100%;--awb-order-small:0;--awb-spacing-right-small:1.92%;--awb-spacing-left-small:1.92%;\"><div class=\"fusion-column-wrapper fusion-column-has-shadow fusion-flex-justify-content-flex-start fusion-content-layout-column\"><div class=\"fusion-text fusion-text-3\"><h2>Hangi dilleri konu\u015fuyoruz?<\/h2>\n<p>\u00c7al\u0131\u015fmalar\u0131m\u0131z ancak terc\u00fcmanlarla m\u00fcmk\u00fcn. Randevularda haz\u0131r bulunurlar ve konu\u015fmalar\u0131 terc\u00fcme ederler. Ayr\u0131ca k\u00fclt\u00fcrel farkl\u0131l\u0131klar\u0131 daha iyi anlamam\u0131za da yard\u0131mc\u0131 olurlar.  <\/p>\n<p>Yakla\u015f\u0131k 20 ki\u015fi ile 8 farkl\u0131 dil i\u00e7in \u00e7al\u0131\u015f\u0131yoruz.<br \/>Bu diller \u015funlard\u0131r:<\/p>\n<ul>\n<li>Arap\u00e7a<\/li>\n<li>T\u00dcRK\u00c7E<\/li>\n<li>K\u00fcrt\u00e7e<\/li>\n<li>dari, fars\u00e7a<\/li>\n<li>Pe\u015ftuca<\/li>\n<li>Rus\u00e7a<\/li>\n<li>Ukrayna<\/li>\n<li>S\u0131rp\u00e7a, H\u0131rvat\u00e7a, Bo\u015fnak\u00e7a<\/li>\n<\/ul>\n<p>Terc\u00fcmanlar kad\u0131n ve erkeklerden olu\u015fmaktad\u0131r.<\/p>\n<\/div><\/div><\/div><div class=\"fusion-layout-column fusion_builder_column fusion-builder-column-3 fusion_builder_column_1_2 1_2 fusion-flex-column\" style=\"--awb-bg-size:cover;--awb-width-large:50%;--awb-margin-top-large:0px;--awb-spacing-right-large:3.84%;--awb-margin-bottom-large:0px;--awb-spacing-left-large:3.84%;--awb-width-medium:50%;--awb-order-medium:0;--awb-spacing-right-medium:3.84%;--awb-spacing-left-medium:3.84%;--awb-width-small:100%;--awb-order-small:0;--awb-spacing-right-small:1.92%;--awb-spacing-left-small:1.92%;\"><div class=\"fusion-column-wrapper fusion-column-has-shadow fusion-flex-justify-content-flex-start fusion-content-layout-column\"><div class=\"fusion-text fusion-text-4 fusion-text-no-margin\" style=\"--awb-margin-bottom:15px;\"><h2>Odalar\u0131m\u0131z<\/h2>\n<\/div><div class=\"awb-gallery-wrapper awb-gallery-wrapper-1 button-span-no\" style=\"--more-btn-alignment:center;\"><div style=\"margin:-15px;--awb-bordersize:0px;\" class=\"fusion-gallery fusion-gallery-container fusion-grid-2 fusion-columns-total-4 fusion-gallery-layout-masonry fusion-gallery-1\"><div class=\"fusion-grid-column fusion-gallery-column fusion-gallery-column-2 fusion-grid-sizer\"><\/div><div style=\"padding:15px;\" class=\"fusion-grid-column fusion-gallery-column fusion-gallery-column-2 fusion-element-grid\"><div class=\"fusion-gallery-image fusion-gallery-image-liftup\"><a href=\"https:\/\/psz-neu-ulm.com\/wp-content\/uploads\/2025\/01\/Eingang-psz-neu-ulm-3.jpg\" data-title=\"gi\u0307ri\u0307\u015f psz neu-ulm (3)\" title=\"gi\u0307ri\u0307\u015f psz neu-ulm (3)\" rel=\"noreferrer\" data-rel=\"iLightbox[gallery_image_1]\" class=\"fusion-lightbox\" target=\"_self\"><div style=\"padding-top:calc((100% + 30px) * 0.8 - 15px);background-position:;\" class=\"fusion-masonry-element-container lazyload\" data-bg=\"https:\/\/psz-neu-ulm.com\/wp-content\/uploads\/2025\/01\/Eingang-psz-neu-ulm-3.jpg\"><img decoding=\"async\" src=\"https:\/\/psz-neu-ulm.com\/wp-content\/uploads\/2025\/01\/Eingang-psz-neu-ulm-3.jpg\" width=\"1200\" height=\"900\" alt=\"\" title=\"gi\u0307ri\u0307\u015f psz neu-ulm (3)\" aria-label=\"gi\u0307ri\u0307\u015f psz neu-ulm (3)\" class=\"img-responsive wp-image-8205 fusion-gallery-image-size-fixed\" srcset=\"https:\/\/psz-neu-ulm.com\/wp-content\/uploads\/2025\/01\/Eingang-psz-neu-ulm-3-400x300.jpg 400w, https:\/\/psz-neu-ulm.com\/wp-content\/uploads\/2025\/01\/Eingang-psz-neu-ulm-3.jpg 1200w\" sizes=\"(min-width: 2200px) 100vw, (min-width: 712px) 613px, (min-width: 640px) 712px, \" \/><\/div><\/a><\/div><\/div><div style=\"padding:15px;\" class=\"fusion-grid-column fusion-gallery-column fusion-gallery-column-2 fusion-element-grid\"><div class=\"fusion-gallery-image fusion-gallery-image-liftup\"><a href=\"https:\/\/psz-neu-ulm.com\/wp-content\/uploads\/2025\/02\/Raeume-psz-neu-ulm-8.jpeg\" data-title=\"Odalar psz neu-ulm (8)\" title=\"Odalar psz neu-ulm (8)\" rel=\"noreferrer\" data-rel=\"iLightbox[gallery_image_1]\" class=\"fusion-lightbox\" target=\"_self\"><div style=\"padding-top:calc((100% + 30px) * 0.8 - 15px);background-position:;\" class=\"fusion-masonry-element-container lazyload\" data-bg=\"https:\/\/psz-neu-ulm.com\/wp-content\/uploads\/2025\/02\/Raeume-psz-neu-ulm-8.jpeg\"><img decoding=\"async\" src=\"https:\/\/psz-neu-ulm.com\/wp-content\/uploads\/2025\/02\/Raeume-psz-neu-ulm-8.jpeg\" width=\"1200\" height=\"900\" alt=\"\" title=\"Odalar psz neu-ulm (8)\" aria-label=\"Odalar psz neu-ulm (8)\" class=\"img-responsive wp-image-8399 fusion-gallery-image-size-fixed\" srcset=\"https:\/\/psz-neu-ulm.com\/wp-content\/uploads\/2025\/02\/Raeume-psz-neu-ulm-8-400x300.jpeg 400w, https:\/\/psz-neu-ulm.com\/wp-content\/uploads\/2025\/02\/Raeume-psz-neu-ulm-8.jpeg 1200w\" sizes=\"(min-width: 2200px) 100vw, (min-width: 712px) 613px, (min-width: 640px) 712px, \" \/><\/div><\/a><\/div><\/div><div style=\"padding:15px;\" class=\"fusion-grid-column fusion-gallery-column fusion-gallery-column-2 fusion-element-grid\"><div class=\"fusion-gallery-image fusion-gallery-image-liftup\"><a href=\"https:\/\/psz-neu-ulm.com\/wp-content\/uploads\/2025\/02\/Raeume-psz-neu-ulm-5.jpeg\" data-title=\"Odalar psz neu-ulm (5)\" title=\"Odalar psz neu-ulm (5)\" rel=\"noreferrer\" data-rel=\"iLightbox[gallery_image_1]\" class=\"fusion-lightbox\" target=\"_self\"><div style=\"padding-top:calc((100% + 30px) * 0.8 - 15px);background-position:;\" class=\"fusion-masonry-element-container lazyload\" data-bg=\"https:\/\/psz-neu-ulm.com\/wp-content\/uploads\/2025\/02\/Raeume-psz-neu-ulm-5.jpeg\"><img decoding=\"async\" src=\"https:\/\/psz-neu-ulm.com\/wp-content\/uploads\/2025\/02\/Raeume-psz-neu-ulm-5.jpeg\" width=\"900\" height=\"1200\" alt=\"\" title=\"Odalar psz neu-ulm (5)\" aria-label=\"Odalar psz neu-ulm (5)\" class=\"img-responsive wp-image-8405 fusion-gallery-image-size-fixed\" srcset=\"https:\/\/psz-neu-ulm.com\/wp-content\/uploads\/2025\/02\/Raeume-psz-neu-ulm-5-400x533.jpeg 400w, https:\/\/psz-neu-ulm.com\/wp-content\/uploads\/2025\/02\/Raeume-psz-neu-ulm-5.jpeg 900w\" sizes=\"(min-width: 2200px) 100vw, (min-width: 712px) 613px, (min-width: 640px) 712px, \" \/><\/div><\/a><\/div><\/div><div style=\"padding:15px;\" class=\"fusion-grid-column fusion-gallery-column fusion-gallery-column-2 fusion-element-grid\"><div class=\"fusion-gallery-image fusion-gallery-image-liftup\"><a href=\"https:\/\/psz-neu-ulm.com\/wp-content\/uploads\/2025\/02\/Raeume-psz-neu-ulm-7.jpeg\" data-title=\"Odalar psz neu-ulm (7)\" title=\"Odalar psz neu-ulm (7)\" rel=\"noreferrer\" data-rel=\"iLightbox[gallery_image_1]\" class=\"fusion-lightbox\" target=\"_self\"><div style=\"padding-top:calc((100% + 30px) * 0.8 - 15px);background-position:;\" class=\"fusion-masonry-element-container lazyload\" data-bg=\"https:\/\/psz-neu-ulm.com\/wp-content\/uploads\/2025\/02\/Raeume-psz-neu-ulm-7.jpeg\"><img decoding=\"async\" src=\"https:\/\/psz-neu-ulm.com\/wp-content\/uploads\/2025\/02\/Raeume-psz-neu-ulm-7.jpeg\" width=\"1200\" height=\"900\" alt=\"\" title=\"Odalar psz neu-ulm (7)\" aria-label=\"Odalar psz neu-ulm (7)\" class=\"img-responsive wp-image-8394 fusion-gallery-image-size-fixed\" srcset=\"https:\/\/psz-neu-ulm.com\/wp-content\/uploads\/2025\/02\/Raeume-psz-neu-ulm-7-400x300.jpeg 400w, https:\/\/psz-neu-ulm.com\/wp-content\/uploads\/2025\/02\/Raeume-psz-neu-ulm-7.jpeg 1200w\" sizes=\"(min-width: 2200px) 100vw, (min-width: 712px) 613px, (min-width: 640px) 712px, \" \/><\/div><\/a><\/div><\/div><\/div><\/div><\/div><\/div><\/div><\/div><\/p>\n","protected":false},"excerpt":{"rendered":"","protected":false},"author":2,"featured_media":0,"parent":0,"menu_order":10,"comment_status":"closed","ping_status":"closed","template":"100-width.php","meta":{"footnotes":""},"class_list":["post-8477","page","type-page","status-publish","hentry"],"yoast_head":"<!-- This site is optimized with the Yoast SEO plugin v27.4 - https:\/\/yoast.com\/product\/yoast-seo-wordpress\/ -->\n<title>Tak\u0131m - psz neu-ulm<\/title>\n<meta name=\"robots\" content=\"index, follow, max-snippet:-1, max-image-preview:large, max-video-preview:-1\" \/>\n<link rel=\"canonical\" href=\"https:\/\/psz-neu-ulm.com\/tr\/takim\/\" \/>\n<meta property=\"og:locale\" content=\"tr_TR\" \/>\n<meta property=\"og:type\" content=\"article\" \/>\n<meta property=\"og:title\" content=\"Tak\u0131m - psz neu-ulm\" \/>\n<meta property=\"og:url\" content=\"https:\/\/psz-neu-ulm.com\/tr\/takim\/\" \/>\n<meta property=\"og:site_name\" content=\"psz neu-ulm\" \/>\n<meta property=\"article:modified_time\" content=\"2025-12-19T13:41:26+00:00\" \/>\n<meta name=\"twitter:card\" content=\"summary_large_image\" \/>\n<meta name=\"twitter:label1\" content=\"Tahmini okuma s\u00fcresi\" \/>\n\t<meta name=\"twitter:data1\" content=\"10 dakika\" \/>\n<script type=\"application\/ld+json\" class=\"yoast-schema-graph\">{\"@context\":\"https:\\\/\\\/schema.org\",\"@graph\":[{\"@type\":\"WebPage\",\"@id\":\"https:\\\/\\\/psz-neu-ulm.com\\\/tr\\\/takim\\\/\",\"url\":\"https:\\\/\\\/psz-neu-ulm.com\\\/tr\\\/takim\\\/\",\"name\":\"Tak\u0131m - psz neu-ulm\",\"isPartOf\":{\"@id\":\"https:\\\/\\\/psz-neu-ulm.com\\\/tr\\\/#website\"},\"datePublished\":\"2025-01-31T15:26:38+00:00\",\"dateModified\":\"2025-12-19T13:41:26+00:00\",\"breadcrumb\":{\"@id\":\"https:\\\/\\\/psz-neu-ulm.com\\\/tr\\\/takim\\\/#breadcrumb\"},\"inLanguage\":\"tr\",\"potentialAction\":[{\"@type\":\"ReadAction\",\"target\":[\"https:\\\/\\\/psz-neu-ulm.com\\\/tr\\\/takim\\\/\"]}]},{\"@type\":\"BreadcrumbList\",\"@id\":\"https:\\\/\\\/psz-neu-ulm.com\\\/tr\\\/takim\\\/#breadcrumb\",\"itemListElement\":[{\"@type\":\"ListItem\",\"position\":1,\"name\":\"Startseite\",\"item\":\"https:\\\/\\\/psz-neu-ulm.com\\\/tr\\\/baslangic\\\/\"},{\"@type\":\"ListItem\",\"position\":2,\"name\":\"Tak\u0131m\"}]},{\"@type\":\"WebSite\",\"@id\":\"https:\\\/\\\/psz-neu-ulm.com\\\/tr\\\/#website\",\"url\":\"https:\\\/\\\/psz-neu-ulm.com\\\/tr\\\/\",\"name\":\"psz neu-ulm\",\"description\":\"\",\"publisher\":{\"@id\":\"https:\\\/\\\/psz-neu-ulm.com\\\/tr\\\/#organization\"},\"potentialAction\":[{\"@type\":\"SearchAction\",\"target\":{\"@type\":\"EntryPoint\",\"urlTemplate\":\"https:\\\/\\\/psz-neu-ulm.com\\\/tr\\\/?s={search_term_string}\"},\"query-input\":{\"@type\":\"PropertyValueSpecification\",\"valueRequired\":true,\"valueName\":\"search_term_string\"}}],\"inLanguage\":\"tr\"},{\"@type\":\"Organization\",\"@id\":\"https:\\\/\\\/psz-neu-ulm.com\\\/tr\\\/#organization\",\"name\":\"psz neu-ulm\",\"url\":\"https:\\\/\\\/psz-neu-ulm.com\\\/tr\\\/\",\"logo\":{\"@type\":\"ImageObject\",\"inLanguage\":\"tr\",\"@id\":\"https:\\\/\\\/psz-neu-ulm.com\\\/tr\\\/#\\\/schema\\\/logo\\\/image\\\/\",\"url\":\"https:\\\/\\\/psz-neu-ulm.com\\\/wp-content\\\/uploads\\\/2025\\\/01\\\/Logo-psz-neu-ulm-300.png\",\"contentUrl\":\"https:\\\/\\\/psz-neu-ulm.com\\\/wp-content\\\/uploads\\\/2025\\\/01\\\/Logo-psz-neu-ulm-300.png\",\"width\":300,\"height\":300,\"caption\":\"psz neu-ulm\"},\"image\":{\"@id\":\"https:\\\/\\\/psz-neu-ulm.com\\\/tr\\\/#\\\/schema\\\/logo\\\/image\\\/\"}}]}<\/script>\n<!-- \/ Yoast SEO plugin. -->","yoast_head_json":{"title":"Tak\u0131m - psz neu-ulm","robots":{"index":"index","follow":"follow","max-snippet":"max-snippet:-1","max-image-preview":"max-image-preview:large","max-video-preview":"max-video-preview:-1"},"canonical":"https:\/\/psz-neu-ulm.com\/tr\/takim\/","og_locale":"tr_TR","og_type":"article","og_title":"Tak\u0131m - psz neu-ulm","og_url":"https:\/\/psz-neu-ulm.com\/tr\/takim\/","og_site_name":"psz neu-ulm","article_modified_time":"2025-12-19T13:41:26+00:00","twitter_card":"summary_large_image","twitter_misc":{"Tahmini okuma s\u00fcresi":"10 dakika"},"schema":{"@context":"https:\/\/schema.org","@graph":[{"@type":"WebPage","@id":"https:\/\/psz-neu-ulm.com\/tr\/takim\/","url":"https:\/\/psz-neu-ulm.com\/tr\/takim\/","name":"Tak\u0131m - psz neu-ulm","isPartOf":{"@id":"https:\/\/psz-neu-ulm.com\/tr\/#website"},"datePublished":"2025-01-31T15:26:38+00:00","dateModified":"2025-12-19T13:41:26+00:00","breadcrumb":{"@id":"https:\/\/psz-neu-ulm.com\/tr\/takim\/#breadcrumb"},"inLanguage":"tr","potentialAction":[{"@type":"ReadAction","target":["https:\/\/psz-neu-ulm.com\/tr\/takim\/"]}]},{"@type":"BreadcrumbList","@id":"https:\/\/psz-neu-ulm.com\/tr\/takim\/#breadcrumb","itemListElement":[{"@type":"ListItem","position":1,"name":"Startseite","item":"https:\/\/psz-neu-ulm.com\/tr\/baslangic\/"},{"@type":"ListItem","position":2,"name":"Tak\u0131m"}]},{"@type":"WebSite","@id":"https:\/\/psz-neu-ulm.com\/tr\/#website","url":"https:\/\/psz-neu-ulm.com\/tr\/","name":"psz neu-ulm","description":"","publisher":{"@id":"https:\/\/psz-neu-ulm.com\/tr\/#organization"},"potentialAction":[{"@type":"SearchAction","target":{"@type":"EntryPoint","urlTemplate":"https:\/\/psz-neu-ulm.com\/tr\/?s={search_term_string}"},"query-input":{"@type":"PropertyValueSpecification","valueRequired":true,"valueName":"search_term_string"}}],"inLanguage":"tr"},{"@type":"Organization","@id":"https:\/\/psz-neu-ulm.com\/tr\/#organization","name":"psz neu-ulm","url":"https:\/\/psz-neu-ulm.com\/tr\/","logo":{"@type":"ImageObject","inLanguage":"tr","@id":"https:\/\/psz-neu-ulm.com\/tr\/#\/schema\/logo\/image\/","url":"https:\/\/psz-neu-ulm.com\/wp-content\/uploads\/2025\/01\/Logo-psz-neu-ulm-300.png","contentUrl":"https:\/\/psz-neu-ulm.com\/wp-content\/uploads\/2025\/01\/Logo-psz-neu-ulm-300.png","width":300,"height":300,"caption":"psz neu-ulm"},"image":{"@id":"https:\/\/psz-neu-ulm.com\/tr\/#\/schema\/logo\/image\/"}}]}},"_links":{"self":[{"href":"https:\/\/psz-neu-ulm.com\/tr\/wp-json\/wp\/v2\/pages\/8477","targetHints":{"allow":["GET"]}}],"collection":[{"href":"https:\/\/psz-neu-ulm.com\/tr\/wp-json\/wp\/v2\/pages"}],"about":[{"href":"https:\/\/psz-neu-ulm.com\/tr\/wp-json\/wp\/v2\/types\/page"}],"author":[{"embeddable":true,"href":"https:\/\/psz-neu-ulm.com\/tr\/wp-json\/wp\/v2\/users\/2"}],"replies":[{"embeddable":true,"href":"https:\/\/psz-neu-ulm.com\/tr\/wp-json\/wp\/v2\/comments?post=8477"}],"version-history":[{"count":9,"href":"https:\/\/psz-neu-ulm.com\/tr\/wp-json\/wp\/v2\/pages\/8477\/revisions"}],"predecessor-version":[{"id":9229,"href":"https:\/\/psz-neu-ulm.com\/tr\/wp-json\/wp\/v2\/pages\/8477\/revisions\/9229"}],"wp:attachment":[{"href":"https:\/\/psz-neu-ulm.com\/tr\/wp-json\/wp\/v2\/media?parent=8477"}],"curies":[{"name":"wp","href":"https:\/\/api.w.org\/{rel}","templated":true}]}}