{"id":8432,"date":"2024-02-19T21:08:12","date_gmt":"2024-02-19T20:08:12","guid":{"rendered":"https:\/\/psz-neu-ulm.com\/kuenye\/"},"modified":"2026-02-17T11:13:29","modified_gmt":"2026-02-17T10:13:29","slug":"kuenye","status":"publish","type":"page","link":"https:\/\/psz-neu-ulm.com\/tr\/kuenye\/","title":{"rendered":"K\u00fcnye"},"content":{"rendered":"<div class=\"fusion-fullwidth fullwidth-box fusion-builder-row-1 fusion-flex-container nonhundred-percent-fullwidth non-hundred-percent-height-scrolling\" style=\"--awb-border-radius-top-left:0px;--awb-border-radius-top-right:0px;--awb-border-radius-bottom-right:0px;--awb-border-radius-bottom-left:0px;--awb-flex-wrap:wrap;\" ><div class=\"fusion-builder-row fusion-row fusion-flex-align-items-flex-start fusion-flex-content-wrap\" style=\"max-width:1289.6px;margin-left: calc(-4% \/ 2 );margin-right: calc(-4% \/ 2 );\"><div class=\"fusion-layout-column fusion_builder_column fusion-builder-column-0 fusion_builder_column_1_1 1_1 fusion-flex-column\" style=\"--awb-bg-blend:overlay;--awb-bg-size:cover;--awb-width-large:100%;--awb-margin-top-large:0px;--awb-spacing-right-large:1.92%;--awb-margin-bottom-large:0px;--awb-spacing-left-large:1.92%;--awb-width-medium:100%;--awb-spacing-right-medium:1.92%;--awb-spacing-left-medium:1.92%;--awb-width-small:100%;--awb-spacing-right-small:1.92%;--awb-spacing-left-small:1.92%;\"><div class=\"fusion-column-wrapper fusion-flex-justify-content-flex-start fusion-content-layout-column\"><div class=\"fusion-text fusion-text-1\"><h2 class=\"\" style=\"--fontsize: 28; line-height: 1.6;\" data-fontsize=\"28\" data-lineheight=\"44.8px\">psz neu-ulm<\/h2>\n<p><strong>Travma Ge\u00e7irmi\u015f M\u00fclteciler i\u00e7in Psikososyal Merkez Neu-Ulm e.V.<\/strong><\/p>\n<p>Winterstra\u00dfe 10<br \/>89233 Neu-Ulm<\/p>\n<p>Telefon: +49 <a href=\"tel:+4915566279032\"> 155 66 27 90 32<\/a> <br \/><a href=\"mailto:mail@psz-neu-ulm.com\"> mail@psz-neu-ulm.com<\/a><\/p>\n<p>Y\u00f6netim Kurulu \u00fcyeleri taraf\u0131ndan temsil edilmektedir<br \/>Richard Zeitler<br \/>Inka Kiefert<\/p>\n<h2 class=\"\" style=\"--fontsize: 28; line-height: 1.6;\" data-fontsize=\"28\" data-lineheight=\"44.8px\">Kay\u0131t giri\u015fi<\/h2>\n<p>Dernekler siciline giri\u015f<br \/>Sicil mahkemesi: Memmingen<br \/>Sicil numaras\u0131: VR 201120<\/p>\n<\/div><div class=\"fusion-text fusion-text-2\"><h2>Web tasar\u0131m\u0131, kaynaklar<\/h2>\n<p>Web tasar\u0131m\u0131: Nathalie Hintermeir, <a href=\"https:\/\/webatelier.org\/\" target=\"_blank\" rel=\"noopener noreferrer\">Webatelier<\/a><\/p>\n<p>Grafikler: <a href=\"https:\/\/www.freepik.com\/author\/stories\" target=\"_blank\" rel=\"noopener\" aria-label=\"Link to the author's page\">storyset<\/a> on Freepik<\/p>\n<p>Tak\u0131m \u00e7izimleri: Mara Fink<\/p>\n<\/div><\/div><\/div><\/div><\/div>\n","protected":false},"excerpt":{"rendered":"","protected":false},"author":2,"featured_media":0,"parent":0,"menu_order":90,"comment_status":"closed","ping_status":"closed","template":"","meta":{"footnotes":""},"class_list":["post-8432","page","type-page","status-publish","hentry"],"yoast_head":"<!-- This site is optimized with the Yoast SEO plugin v27.4 - https:\/\/yoast.com\/product\/yoast-seo-wordpress\/ -->\n<title>K\u00fcnye - psz neu-ulm<\/title>\n<meta name=\"robots\" content=\"index, follow, max-snippet:-1, max-image-preview:large, max-video-preview:-1\" \/>\n<link rel=\"canonical\" href=\"https:\/\/psz-neu-ulm.com\/tr\/kuenye\/\" \/>\n<meta property=\"og:locale\" content=\"tr_TR\" \/>\n<meta property=\"og:type\" content=\"article\" \/>\n<meta property=\"og:title\" content=\"K\u00fcnye - psz neu-ulm\" \/>\n<meta property=\"og:url\" content=\"https:\/\/psz-neu-ulm.com\/tr\/kuenye\/\" \/>\n<meta property=\"og:site_name\" content=\"psz neu-ulm\" \/>\n<meta property=\"article:modified_time\" content=\"2026-02-17T10:13:29+00:00\" \/>\n<meta name=\"twitter:card\" content=\"summary_large_image\" \/>\n<meta name=\"twitter:label1\" content=\"Tahmini okuma s\u00fcresi\" \/>\n\t<meta name=\"twitter:data1\" content=\"1 dakika\" \/>\n<script type=\"application\/ld+json\" class=\"yoast-schema-graph\">{\"@context\":\"https:\\\/\\\/schema.org\",\"@graph\":[{\"@type\":\"WebPage\",\"@id\":\"https:\\\/\\\/psz-neu-ulm.com\\\/tr\\\/kuenye\\\/\",\"url\":\"https:\\\/\\\/psz-neu-ulm.com\\\/tr\\\/kuenye\\\/\",\"name\":\"K\u00fcnye - psz neu-ulm\",\"isPartOf\":{\"@id\":\"https:\\\/\\\/psz-neu-ulm.com\\\/tr\\\/#website\"},\"datePublished\":\"2024-02-19T20:08:12+00:00\",\"dateModified\":\"2026-02-17T10:13:29+00:00\",\"breadcrumb\":{\"@id\":\"https:\\\/\\\/psz-neu-ulm.com\\\/tr\\\/kuenye\\\/#breadcrumb\"},\"inLanguage\":\"tr\",\"potentialAction\":[{\"@type\":\"ReadAction\",\"target\":[\"https:\\\/\\\/psz-neu-ulm.com\\\/tr\\\/kuenye\\\/\"]}]},{\"@type\":\"BreadcrumbList\",\"@id\":\"https:\\\/\\\/psz-neu-ulm.com\\\/tr\\\/kuenye\\\/#breadcrumb\",\"itemListElement\":[{\"@type\":\"ListItem\",\"position\":1,\"name\":\"Startseite\",\"item\":\"https:\\\/\\\/psz-neu-ulm.com\\\/tr\\\/baslangic\\\/\"},{\"@type\":\"ListItem\",\"position\":2,\"name\":\"K\u00fcnye\"}]},{\"@type\":\"WebSite\",\"@id\":\"https:\\\/\\\/psz-neu-ulm.com\\\/tr\\\/#website\",\"url\":\"https:\\\/\\\/psz-neu-ulm.com\\\/tr\\\/\",\"name\":\"psz neu-ulm\",\"description\":\"\",\"publisher\":{\"@id\":\"https:\\\/\\\/psz-neu-ulm.com\\\/tr\\\/#organization\"},\"potentialAction\":[{\"@type\":\"SearchAction\",\"target\":{\"@type\":\"EntryPoint\",\"urlTemplate\":\"https:\\\/\\\/psz-neu-ulm.com\\\/tr\\\/?s={search_term_string}\"},\"query-input\":{\"@type\":\"PropertyValueSpecification\",\"valueRequired\":true,\"valueName\":\"search_term_string\"}}],\"inLanguage\":\"tr\"},{\"@type\":\"Organization\",\"@id\":\"https:\\\/\\\/psz-neu-ulm.com\\\/tr\\\/#organization\",\"name\":\"psz neu-ulm\",\"url\":\"https:\\\/\\\/psz-neu-ulm.com\\\/tr\\\/\",\"logo\":{\"@type\":\"ImageObject\",\"inLanguage\":\"tr\",\"@id\":\"https:\\\/\\\/psz-neu-ulm.com\\\/tr\\\/#\\\/schema\\\/logo\\\/image\\\/\",\"url\":\"https:\\\/\\\/psz-neu-ulm.com\\\/wp-content\\\/uploads\\\/2025\\\/01\\\/Logo-psz-neu-ulm-300.png\",\"contentUrl\":\"https:\\\/\\\/psz-neu-ulm.com\\\/wp-content\\\/uploads\\\/2025\\\/01\\\/Logo-psz-neu-ulm-300.png\",\"width\":300,\"height\":300,\"caption\":\"psz neu-ulm\"},\"image\":{\"@id\":\"https:\\\/\\\/psz-neu-ulm.com\\\/tr\\\/#\\\/schema\\\/logo\\\/image\\\/\"}}]}<\/script>\n<!-- \/ Yoast SEO plugin. -->","yoast_head_json":{"title":"K\u00fcnye - psz neu-ulm","robots":{"index":"index","follow":"follow","max-snippet":"max-snippet:-1","max-image-preview":"max-image-preview:large","max-video-preview":"max-video-preview:-1"},"canonical":"https:\/\/psz-neu-ulm.com\/tr\/kuenye\/","og_locale":"tr_TR","og_type":"article","og_title":"K\u00fcnye - psz neu-ulm","og_url":"https:\/\/psz-neu-ulm.com\/tr\/kuenye\/","og_site_name":"psz neu-ulm","article_modified_time":"2026-02-17T10:13:29+00:00","twitter_card":"summary_large_image","twitter_misc":{"Tahmini okuma s\u00fcresi":"1 dakika"},"schema":{"@context":"https:\/\/schema.org","@graph":[{"@type":"WebPage","@id":"https:\/\/psz-neu-ulm.com\/tr\/kuenye\/","url":"https:\/\/psz-neu-ulm.com\/tr\/kuenye\/","name":"K\u00fcnye - psz neu-ulm","isPartOf":{"@id":"https:\/\/psz-neu-ulm.com\/tr\/#website"},"datePublished":"2024-02-19T20:08:12+00:00","dateModified":"2026-02-17T10:13:29+00:00","breadcrumb":{"@id":"https:\/\/psz-neu-ulm.com\/tr\/kuenye\/#breadcrumb"},"inLanguage":"tr","potentialAction":[{"@type":"ReadAction","target":["https:\/\/psz-neu-ulm.com\/tr\/kuenye\/"]}]},{"@type":"BreadcrumbList","@id":"https:\/\/psz-neu-ulm.com\/tr\/kuenye\/#breadcrumb","itemListElement":[{"@type":"ListItem","position":1,"name":"Startseite","item":"https:\/\/psz-neu-ulm.com\/tr\/baslangic\/"},{"@type":"ListItem","position":2,"name":"K\u00fcnye"}]},{"@type":"WebSite","@id":"https:\/\/psz-neu-ulm.com\/tr\/#website","url":"https:\/\/psz-neu-ulm.com\/tr\/","name":"psz neu-ulm","description":"","publisher":{"@id":"https:\/\/psz-neu-ulm.com\/tr\/#organization"},"potentialAction":[{"@type":"SearchAction","target":{"@type":"EntryPoint","urlTemplate":"https:\/\/psz-neu-ulm.com\/tr\/?s={search_term_string}"},"query-input":{"@type":"PropertyValueSpecification","valueRequired":true,"valueName":"search_term_string"}}],"inLanguage":"tr"},{"@type":"Organization","@id":"https:\/\/psz-neu-ulm.com\/tr\/#organization","name":"psz neu-ulm","url":"https:\/\/psz-neu-ulm.com\/tr\/","logo":{"@type":"ImageObject","inLanguage":"tr","@id":"https:\/\/psz-neu-ulm.com\/tr\/#\/schema\/logo\/image\/","url":"https:\/\/psz-neu-ulm.com\/wp-content\/uploads\/2025\/01\/Logo-psz-neu-ulm-300.png","contentUrl":"https:\/\/psz-neu-ulm.com\/wp-content\/uploads\/2025\/01\/Logo-psz-neu-ulm-300.png","width":300,"height":300,"caption":"psz neu-ulm"},"image":{"@id":"https:\/\/psz-neu-ulm.com\/tr\/#\/schema\/logo\/image\/"}}]}},"_links":{"self":[{"href":"https:\/\/psz-neu-ulm.com\/tr\/wp-json\/wp\/v2\/pages\/8432","targetHints":{"allow":["GET"]}}],"collection":[{"href":"https:\/\/psz-neu-ulm.com\/tr\/wp-json\/wp\/v2\/pages"}],"about":[{"href":"https:\/\/psz-neu-ulm.com\/tr\/wp-json\/wp\/v2\/types\/page"}],"author":[{"embeddable":true,"href":"https:\/\/psz-neu-ulm.com\/tr\/wp-json\/wp\/v2\/users\/2"}],"replies":[{"embeddable":true,"href":"https:\/\/psz-neu-ulm.com\/tr\/wp-json\/wp\/v2\/comments?post=8432"}],"version-history":[{"count":10,"href":"https:\/\/psz-neu-ulm.com\/tr\/wp-json\/wp\/v2\/pages\/8432\/revisions"}],"predecessor-version":[{"id":9480,"href":"https:\/\/psz-neu-ulm.com\/tr\/wp-json\/wp\/v2\/pages\/8432\/revisions\/9480"}],"wp:attachment":[{"href":"https:\/\/psz-neu-ulm.com\/tr\/wp-json\/wp\/v2\/media?parent=8432"}],"curies":[{"name":"wp","href":"https:\/\/api.w.org\/{rel}","templated":true}]}}