{"id":8330,"date":"2025-01-31T16:27:11","date_gmt":"2025-01-31T15:27:11","guid":{"rendered":"https:\/\/psz-neu-ulm.com\/kayit\/"},"modified":"2026-02-17T11:11:41","modified_gmt":"2026-02-17T10:11:41","slug":"kayit","status":"publish","type":"page","link":"https:\/\/psz-neu-ulm.com\/tr\/kayit\/","title":{"rendered":"Kay\u0131t"},"content":{"rendered":"<div class=\"fusion-fullwidth fullwidth-box fusion-builder-row-1 fusion-flex-container has-pattern-background has-mask-background nonhundred-percent-fullwidth non-hundred-percent-height-scrolling\" style=\"--awb-border-radius-top-left:0px;--awb-border-radius-top-right:0px;--awb-border-radius-bottom-right:0px;--awb-border-radius-bottom-left:0px;--awb-padding-bottom:60px;--awb-flex-wrap:wrap;\" ><div class=\"fusion-builder-row fusion-row fusion-flex-align-items-flex-start fusion-flex-content-wrap\" style=\"max-width:1289.6px;margin-left: calc(-4% \/ 2 );margin-right: calc(-4% \/ 2 );\"><div class=\"fusion-layout-column fusion_builder_column fusion-builder-column-0 fusion_builder_column_3_5 3_5 fusion-flex-column\" style=\"--awb-bg-size:cover;--awb-width-large:60%;--awb-margin-top-large:0px;--awb-spacing-right-large:3.2%;--awb-margin-bottom-large:0px;--awb-spacing-left-large:3.2%;--awb-width-medium:66.6666666667%;--awb-order-medium:0;--awb-spacing-right-medium:2.88%;--awb-spacing-left-medium:2.88%;--awb-width-small:100%;--awb-order-small:2;--awb-spacing-right-small:1.92%;--awb-spacing-left-small:1.92%;\"><div class=\"fusion-column-wrapper fusion-column-has-shadow fusion-flex-justify-content-flex-start fusion-content-layout-column\"><div class=\"fusion-text fusion-text-1\"><p>Bavyera&#8217;n\u0131n Swabia b\u00f6lgesinde ya\u015f\u0131yorsunuz ve psikolojik yard\u0131ma m\u0131 ihtiyac\u0131n\u0131z var?<\/p>\n<p>Bizimle telefon veya e-posta yoluyla ileti\u015fime ge\u00e7ebilirsiniz. Bir yard\u0131mc\u0131n\u0131z\u0131n veya arkada\u015f\u0131n\u0131z\u0131n sizin i\u00e7in aramas\u0131 veya e-posta g\u00f6ndermesi de sorun de\u011fildir. <\/p>\n<p><strong>Handy: <a href=\"tel:+4915560007398\">0155 60 00 73 98<\/a> <\/strong><br \/><strong>E-Mail:<\/strong><a href=\"mailto:mail@psz-neu-ulm.com\"><strong> mail@psz-neu-ulm.com<\/strong><\/a><\/p>\n<p>Size yard\u0131mc\u0131 olabilmemiz i\u00e7in a\u015fa\u011f\u0131daki <strong>bilgilere<\/strong> ihtiyac\u0131m\u0131z var:<\/p>\n<ul>\n<li>ya\u015f\u0131n\u0131z, men\u015fe \u00fclkeniz, ikamet durumunuz, ikamet yeriniz<\/li>\n<li>ana diliniz ve konu\u015fma yapmak istedi\u011finiz dil<\/li>\n<li>\u015fikayetleriniz veya sorunlar\u0131n\u0131z<\/li>\n<li>hedefleriniz ve bizim i\u00e7in dilekleriniz<\/li>\n<\/ul>\n<p>\u00c7ok say\u0131da m\u00fclteci bize kay\u0131t yapt\u0131rd\u0131\u011f\u0131 i\u00e7in<strong> maalesef<\/strong> \u015fu anda<strong> t\u00fcm yerler dolu<\/strong>. Yine de bizimle ileti\u015fime ge\u00e7ebilirsiniz. Sizi ilk g\u00f6r\u00fc\u015fmeye davet edebilmemiz i\u00e7in muhtemelen birka\u00e7 ay beklemeniz gerekecektir.  <\/p>\n<\/div><\/div><\/div><div class=\"fusion-layout-column fusion_builder_column fusion-builder-column-1 fusion_builder_column_2_5 2_5 fusion-flex-column\" style=\"--awb-bg-size:cover;--awb-width-large:40%;--awb-margin-top-large:0px;--awb-spacing-right-large:4.8%;--awb-margin-bottom-large:0px;--awb-spacing-left-large:4.8%;--awb-width-medium:33.3333333333%;--awb-order-medium:0;--awb-spacing-right-medium:5.76%;--awb-spacing-left-medium:5.76%;--awb-width-small:100%;--awb-order-small:0;--awb-spacing-right-small:1.92%;--awb-margin-bottom-small:40px;--awb-spacing-left-small:1.92%;\"><div class=\"fusion-column-wrapper fusion-column-has-shadow fusion-flex-justify-content-flex-start fusion-content-layout-column\"><div class=\"fusion-image-element \" style=\"text-align:center;--awb-max-width:350px;--awb-caption-title-font-family:var(--h2_typography-font-family);--awb-caption-title-font-weight:var(--h2_typography-font-weight);--awb-caption-title-font-style:var(--h2_typography-font-style);--awb-caption-title-size:var(--h2_typography-font-size);--awb-caption-title-transform:var(--h2_typography-text-transform);--awb-caption-title-line-height:var(--h2_typography-line-height);--awb-caption-title-letter-spacing:var(--h2_typography-letter-spacing);\"><span class=\" fusion-imageframe imageframe-none imageframe-1 hover-type-none\"><img decoding=\"async\" width=\"500\" height=\"615\" title=\"\u0130leti\u015fim 2c\" src=\"https:\/\/psz-neu-ulm.com\/wp-content\/uploads\/2025\/01\/Kontakt-2c.png\" alt class=\"img-responsive wp-image-8133 disable-lazyload\" srcset=\"https:\/\/psz-neu-ulm.com\/wp-content\/uploads\/2025\/01\/Kontakt-2c-400x492.png 400w, https:\/\/psz-neu-ulm.com\/wp-content\/uploads\/2025\/01\/Kontakt-2c.png 500w\" sizes=\"(max-width: 800px) 100vw, 500px\" \/><\/span><\/div><\/div><\/div><\/div><\/div>\n","protected":false},"excerpt":{"rendered":"","protected":false},"author":2,"featured_media":0,"parent":0,"menu_order":30,"comment_status":"closed","ping_status":"closed","template":"100-width.php","meta":{"footnotes":""},"class_list":["post-8330","page","type-page","status-publish","hentry"],"yoast_head":"<!-- This site is optimized with the Yoast SEO plugin v27.3 - https:\/\/yoast.com\/product\/yoast-seo-wordpress\/ -->\n<title>Kay\u0131t - psz neu-ulm<\/title>\n<meta name=\"robots\" content=\"index, follow, max-snippet:-1, max-image-preview:large, max-video-preview:-1\" \/>\n<link rel=\"canonical\" href=\"https:\/\/psz-neu-ulm.com\/tr\/kayit\/\" \/>\n<meta property=\"og:locale\" content=\"tr_TR\" \/>\n<meta property=\"og:type\" content=\"article\" \/>\n<meta property=\"og:title\" content=\"Kay\u0131t - psz neu-ulm\" \/>\n<meta property=\"og:url\" content=\"https:\/\/psz-neu-ulm.com\/tr\/kayit\/\" \/>\n<meta property=\"og:site_name\" content=\"psz neu-ulm\" \/>\n<meta property=\"article:modified_time\" content=\"2026-02-17T10:11:41+00:00\" \/>\n<meta name=\"twitter:card\" content=\"summary_large_image\" \/>\n<meta name=\"twitter:label1\" content=\"Tahmini okuma s\u00fcresi\" \/>\n\t<meta name=\"twitter:data1\" content=\"5 dakika\" \/>\n<script type=\"application\/ld+json\" class=\"yoast-schema-graph\">{\"@context\":\"https:\\\/\\\/schema.org\",\"@graph\":[{\"@type\":\"WebPage\",\"@id\":\"https:\\\/\\\/psz-neu-ulm.com\\\/tr\\\/kayit\\\/\",\"url\":\"https:\\\/\\\/psz-neu-ulm.com\\\/tr\\\/kayit\\\/\",\"name\":\"Kay\u0131t - psz neu-ulm\",\"isPartOf\":{\"@id\":\"https:\\\/\\\/psz-neu-ulm.com\\\/tr\\\/#website\"},\"datePublished\":\"2025-01-31T15:27:11+00:00\",\"dateModified\":\"2026-02-17T10:11:41+00:00\",\"breadcrumb\":{\"@id\":\"https:\\\/\\\/psz-neu-ulm.com\\\/tr\\\/kayit\\\/#breadcrumb\"},\"inLanguage\":\"tr\",\"potentialAction\":[{\"@type\":\"ReadAction\",\"target\":[\"https:\\\/\\\/psz-neu-ulm.com\\\/tr\\\/kayit\\\/\"]}]},{\"@type\":\"BreadcrumbList\",\"@id\":\"https:\\\/\\\/psz-neu-ulm.com\\\/tr\\\/kayit\\\/#breadcrumb\",\"itemListElement\":[{\"@type\":\"ListItem\",\"position\":1,\"name\":\"Startseite\",\"item\":\"https:\\\/\\\/psz-neu-ulm.com\\\/tr\\\/baslangic\\\/\"},{\"@type\":\"ListItem\",\"position\":2,\"name\":\"Kay\u0131t\"}]},{\"@type\":\"WebSite\",\"@id\":\"https:\\\/\\\/psz-neu-ulm.com\\\/tr\\\/#website\",\"url\":\"https:\\\/\\\/psz-neu-ulm.com\\\/tr\\\/\",\"name\":\"psz neu-ulm\",\"description\":\"\",\"publisher\":{\"@id\":\"https:\\\/\\\/psz-neu-ulm.com\\\/tr\\\/#organization\"},\"potentialAction\":[{\"@type\":\"SearchAction\",\"target\":{\"@type\":\"EntryPoint\",\"urlTemplate\":\"https:\\\/\\\/psz-neu-ulm.com\\\/tr\\\/?s={search_term_string}\"},\"query-input\":{\"@type\":\"PropertyValueSpecification\",\"valueRequired\":true,\"valueName\":\"search_term_string\"}}],\"inLanguage\":\"tr\"},{\"@type\":\"Organization\",\"@id\":\"https:\\\/\\\/psz-neu-ulm.com\\\/tr\\\/#organization\",\"name\":\"psz neu-ulm\",\"url\":\"https:\\\/\\\/psz-neu-ulm.com\\\/tr\\\/\",\"logo\":{\"@type\":\"ImageObject\",\"inLanguage\":\"tr\",\"@id\":\"https:\\\/\\\/psz-neu-ulm.com\\\/tr\\\/#\\\/schema\\\/logo\\\/image\\\/\",\"url\":\"https:\\\/\\\/psz-neu-ulm.com\\\/wp-content\\\/uploads\\\/2025\\\/01\\\/Logo-psz-neu-ulm-300.png\",\"contentUrl\":\"https:\\\/\\\/psz-neu-ulm.com\\\/wp-content\\\/uploads\\\/2025\\\/01\\\/Logo-psz-neu-ulm-300.png\",\"width\":300,\"height\":300,\"caption\":\"psz neu-ulm\"},\"image\":{\"@id\":\"https:\\\/\\\/psz-neu-ulm.com\\\/tr\\\/#\\\/schema\\\/logo\\\/image\\\/\"}}]}<\/script>\n<!-- \/ Yoast SEO plugin. -->","yoast_head_json":{"title":"Kay\u0131t - psz neu-ulm","robots":{"index":"index","follow":"follow","max-snippet":"max-snippet:-1","max-image-preview":"max-image-preview:large","max-video-preview":"max-video-preview:-1"},"canonical":"https:\/\/psz-neu-ulm.com\/tr\/kayit\/","og_locale":"tr_TR","og_type":"article","og_title":"Kay\u0131t - psz neu-ulm","og_url":"https:\/\/psz-neu-ulm.com\/tr\/kayit\/","og_site_name":"psz neu-ulm","article_modified_time":"2026-02-17T10:11:41+00:00","twitter_card":"summary_large_image","twitter_misc":{"Tahmini okuma s\u00fcresi":"5 dakika"},"schema":{"@context":"https:\/\/schema.org","@graph":[{"@type":"WebPage","@id":"https:\/\/psz-neu-ulm.com\/tr\/kayit\/","url":"https:\/\/psz-neu-ulm.com\/tr\/kayit\/","name":"Kay\u0131t - psz neu-ulm","isPartOf":{"@id":"https:\/\/psz-neu-ulm.com\/tr\/#website"},"datePublished":"2025-01-31T15:27:11+00:00","dateModified":"2026-02-17T10:11:41+00:00","breadcrumb":{"@id":"https:\/\/psz-neu-ulm.com\/tr\/kayit\/#breadcrumb"},"inLanguage":"tr","potentialAction":[{"@type":"ReadAction","target":["https:\/\/psz-neu-ulm.com\/tr\/kayit\/"]}]},{"@type":"BreadcrumbList","@id":"https:\/\/psz-neu-ulm.com\/tr\/kayit\/#breadcrumb","itemListElement":[{"@type":"ListItem","position":1,"name":"Startseite","item":"https:\/\/psz-neu-ulm.com\/tr\/baslangic\/"},{"@type":"ListItem","position":2,"name":"Kay\u0131t"}]},{"@type":"WebSite","@id":"https:\/\/psz-neu-ulm.com\/tr\/#website","url":"https:\/\/psz-neu-ulm.com\/tr\/","name":"psz neu-ulm","description":"","publisher":{"@id":"https:\/\/psz-neu-ulm.com\/tr\/#organization"},"potentialAction":[{"@type":"SearchAction","target":{"@type":"EntryPoint","urlTemplate":"https:\/\/psz-neu-ulm.com\/tr\/?s={search_term_string}"},"query-input":{"@type":"PropertyValueSpecification","valueRequired":true,"valueName":"search_term_string"}}],"inLanguage":"tr"},{"@type":"Organization","@id":"https:\/\/psz-neu-ulm.com\/tr\/#organization","name":"psz neu-ulm","url":"https:\/\/psz-neu-ulm.com\/tr\/","logo":{"@type":"ImageObject","inLanguage":"tr","@id":"https:\/\/psz-neu-ulm.com\/tr\/#\/schema\/logo\/image\/","url":"https:\/\/psz-neu-ulm.com\/wp-content\/uploads\/2025\/01\/Logo-psz-neu-ulm-300.png","contentUrl":"https:\/\/psz-neu-ulm.com\/wp-content\/uploads\/2025\/01\/Logo-psz-neu-ulm-300.png","width":300,"height":300,"caption":"psz neu-ulm"},"image":{"@id":"https:\/\/psz-neu-ulm.com\/tr\/#\/schema\/logo\/image\/"}}]}},"_links":{"self":[{"href":"https:\/\/psz-neu-ulm.com\/tr\/wp-json\/wp\/v2\/pages\/8330","targetHints":{"allow":["GET"]}}],"collection":[{"href":"https:\/\/psz-neu-ulm.com\/tr\/wp-json\/wp\/v2\/pages"}],"about":[{"href":"https:\/\/psz-neu-ulm.com\/tr\/wp-json\/wp\/v2\/types\/page"}],"author":[{"embeddable":true,"href":"https:\/\/psz-neu-ulm.com\/tr\/wp-json\/wp\/v2\/users\/2"}],"replies":[{"embeddable":true,"href":"https:\/\/psz-neu-ulm.com\/tr\/wp-json\/wp\/v2\/comments?post=8330"}],"version-history":[{"count":43,"href":"https:\/\/psz-neu-ulm.com\/tr\/wp-json\/wp\/v2\/pages\/8330\/revisions"}],"predecessor-version":[{"id":9472,"href":"https:\/\/psz-neu-ulm.com\/tr\/wp-json\/wp\/v2\/pages\/8330\/revisions\/9472"}],"wp:attachment":[{"href":"https:\/\/psz-neu-ulm.com\/tr\/wp-json\/wp\/v2\/media?parent=8330"}],"curies":[{"name":"wp","href":"https:\/\/api.w.org\/{rel}","templated":true}]}}