{"id":8298,"date":"2025-01-31T16:28:36","date_gmt":"2025-01-31T15:28:36","guid":{"rendered":"https:\/\/psz-neu-ulm.com\/sss-sikca-sorulan-sorular\/"},"modified":"2025-02-28T18:14:54","modified_gmt":"2025-02-28T17:14:54","slug":"sss-sikca-sorulan-sorular","status":"publish","type":"page","link":"https:\/\/psz-neu-ulm.com\/tr\/sss-sikca-sorulan-sorular\/","title":{"rendered":"SSS &#8211; S\u0131k\u00e7a sorulan sorular"},"content":{"rendered":"<div class=\"fusion-fullwidth fullwidth-box fusion-builder-row-1 fusion-flex-container has-pattern-background has-mask-background nonhundred-percent-fullwidth non-hundred-percent-height-scrolling\" style=\"--awb-border-radius-top-left:0px;--awb-border-radius-top-right:0px;--awb-border-radius-bottom-right:0px;--awb-border-radius-bottom-left:0px;--awb-padding-bottom:60px;--awb-flex-wrap:wrap;\" ><div class=\"fusion-builder-row fusion-row fusion-flex-align-items-flex-start fusion-flex-justify-content-space-between fusion-flex-content-wrap\" style=\"max-width:1289.6px;margin-left: calc(-4% \/ 2 );margin-right: calc(-4% \/ 2 );\"><div class=\"fusion-layout-column fusion_builder_column fusion-builder-column-0 fusion-flex-column\" style=\"--awb-bg-size:cover;--awb-width-large:30%;--awb-margin-top-large:0px;--awb-spacing-right-large:6.4%;--awb-margin-bottom-large:0px;--awb-spacing-left-large:6.4%;--awb-width-medium:30%;--awb-order-medium:0;--awb-spacing-right-medium:6.4%;--awb-spacing-left-medium:6.4%;--awb-width-small:100%;--awb-order-small:0;--awb-spacing-right-small:1.92%;--awb-margin-bottom-small:40px;--awb-spacing-left-small:1.92%;\"><div class=\"fusion-column-wrapper fusion-column-has-shadow fusion-flex-justify-content-flex-start fusion-content-layout-column\"><div class=\"fusion-image-element \" style=\"text-align:center;--awb-max-width:350px;--awb-caption-title-font-family:var(--h2_typography-font-family);--awb-caption-title-font-weight:var(--h2_typography-font-weight);--awb-caption-title-font-style:var(--h2_typography-font-style);--awb-caption-title-size:var(--h2_typography-font-size);--awb-caption-title-transform:var(--h2_typography-text-transform);--awb-caption-title-line-height:var(--h2_typography-line-height);--awb-caption-title-letter-spacing:var(--h2_typography-letter-spacing);\"><span class=\" fusion-imageframe imageframe-none imageframe-1 hover-type-none\"><img decoding=\"async\" width=\"500\" height=\"682\" title=\"Fragen 1c\" src=\"https:\/\/psz-neu-ulm.com\/wp-content\/uploads\/2025\/01\/Fragen-1c.png\" alt class=\"img-responsive wp-image-8129 disable-lazyload\" srcset=\"https:\/\/psz-neu-ulm.com\/wp-content\/uploads\/2025\/01\/Fragen-1c-400x546.png 400w, https:\/\/psz-neu-ulm.com\/wp-content\/uploads\/2025\/01\/Fragen-1c.png 500w\" sizes=\"(max-width: 800px) 100vw, 500px\" \/><\/span><\/div><\/div><\/div><div class=\"fusion-layout-column fusion_builder_column fusion-builder-column-1 fusion-flex-column\" style=\"--awb-bg-size:cover;--awb-width-large:67%;--awb-margin-top-large:0px;--awb-spacing-right-large:2.86567164179%;--awb-margin-bottom-large:0px;--awb-spacing-left-large:2.86567164179%;--awb-width-medium:70%;--awb-order-medium:0;--awb-spacing-right-medium:2.74285714286%;--awb-spacing-left-medium:2.74285714286%;--awb-width-small:100%;--awb-order-small:0;--awb-spacing-right-small:1.92%;--awb-spacing-left-small:1.92%;\"><div class=\"fusion-column-wrapper fusion-column-has-shadow fusion-flex-justify-content-flex-start fusion-content-layout-column\"><div class=\"accordian fusion-accordian\" style=\"--awb-border-size:0px;--awb-icon-size:26px;--awb-content-font-size:var(--awb-typography4-font-size);--awb-icon-alignment:left;--awb-hover-color:#fff8f0;--awb-border-color:var(--awb-color2);--awb-background-color:var(--awb-custom_color_1);--awb-divider-color:var(--awb-color2);--awb-divider-hover-color:var(--awb-color2);--awb-icon-color:var(--awb-custom_color_2);--awb-title-color:var(--awb-color1);--awb-content-color:var(--awb-color1);--awb-icon-box-color:var(--awb-color2);--awb-toggle-hover-accent-color:var(--awb-custom_color_2);--awb-title-font-family:var(--awb-typography2-font-family);--awb-title-font-weight:var(--awb-typography2-font-weight);--awb-title-font-style:var(--awb-typography2-font-style);--awb-title-font-size:20px;--awb-title-letter-spacing:var(--awb-typography2-letter-spacing);--awb-title-line-height:var(--awb-typography2-line-height);--awb-title-text-transform:var(--awb-typography2-text-transform);--awb-content-font-family:var(--awb-typography4-font-family);--awb-content-font-weight:var(--awb-typography4-font-weight);--awb-content-font-style:var(--awb-typography4-font-style);\"><div class=\"panel-group fusion-toggle-icon-unboxed\" id=\"accordion-8298-1\"><div class=\"fusion-panel panel-default panel-8c3a61a9cdf6a029e fusion-toggle-no-divider\"><div class=\"panel-heading\"><h4 class=\"panel-title toggle\" id=\"toggle_8c3a61a9cdf6a029e\"><a aria-expanded=\"false\" aria-controls=\"8c3a61a9cdf6a029e\" role=\"button\" data-toggle=\"collapse\" data-parent=\"#accordion-8298-1\" data-target=\"#8c3a61a9cdf6a029e\" href=\"#8c3a61a9cdf6a029e\"><span class=\"fusion-toggle-icon-wrapper\" aria-hidden=\"true\"><i class=\"fa-fusion-box active-icon awb-icon-minus\" aria-hidden=\"true\"><\/i><i class=\"fa-fusion-box inactive-icon awb-icon-plus\" aria-hidden=\"true\"><\/i><\/span><span class=\"fusion-toggle-heading\">Size ne s\u0131kl\u0131kla gelmem gerekiyor?<\/span><\/a><\/h4><\/div><div id=\"8c3a61a9cdf6a029e\" class=\"panel-collapse collapse \" aria-labelledby=\"toggle_8c3a61a9cdf6a029e\"><div class=\"panel-body toggle-content fusion-clearfix\">Teklifimiz g\u00f6n\u00fcll\u00fcl\u00fck esas\u0131na dayanmaktad\u0131r. \u00c7o\u011fu insan bize 1 ila 2 y\u0131ll\u0131\u011f\u0131na geliyor. Ancak daha erken de b\u0131rakabilirsiniz. Ne s\u0131kl\u0131kla gelmek istedi\u011finizi birlikte karar veriyoruz.<\/div><\/div><\/div><div class=\"fusion-panel panel-default panel-f4a7851440ee0eeef fusion-toggle-no-divider\"><div class=\"panel-heading\"><h4 class=\"panel-title toggle\" id=\"toggle_f4a7851440ee0eeef\"><a aria-expanded=\"false\" aria-controls=\"f4a7851440ee0eeef\" role=\"button\" data-toggle=\"collapse\" data-parent=\"#accordion-8298-1\" data-target=\"#f4a7851440ee0eeef\" href=\"#f4a7851440ee0eeef\"><span class=\"fusion-toggle-icon-wrapper\" aria-hidden=\"true\"><i class=\"fa-fusion-box active-icon awb-icon-minus\" aria-hidden=\"true\"><\/i><i class=\"fa-fusion-box inactive-icon awb-icon-plus\" aria-hidden=\"true\"><\/i><\/span><span class=\"fusion-toggle-heading\">Ge\u00e7mi\u015fim hakk\u0131nda konu\u015fmak zorunda m\u0131y\u0131m?<\/span><\/a><\/h4><\/div><div id=\"f4a7851440ee0eeef\" class=\"panel-collapse collapse \" aria-labelledby=\"toggle_f4a7851440ee0eeef\"><div class=\"panel-body toggle-content fusion-clearfix\">\n<p>Hay\u0131r, hikayeniz hakk\u0131nda konu\u015fmak zorunda de\u011filsiniz. Ne hakk\u0131nda konu\u015fmak istedi\u011finize ve size neyin yard\u0131mc\u0131 olaca\u011f\u0131na yaln\u0131zca siz karar verirsiniz.<\/p>\n<\/div><\/div><\/div><div class=\"fusion-panel panel-default panel-a662d99d1d035d631 fusion-toggle-no-divider\"><div class=\"panel-heading\"><h4 class=\"panel-title toggle\" id=\"toggle_a662d99d1d035d631\"><a aria-expanded=\"false\" aria-controls=\"a662d99d1d035d631\" role=\"button\" data-toggle=\"collapse\" data-parent=\"#accordion-8298-1\" data-target=\"#a662d99d1d035d631\" href=\"#a662d99d1d035d631\"><span class=\"fusion-toggle-icon-wrapper\" aria-hidden=\"true\"><i class=\"fa-fusion-box active-icon awb-icon-minus\" aria-hidden=\"true\"><\/i><i class=\"fa-fusion-box inactive-icon awb-icon-plus\" aria-hidden=\"true\"><\/i><\/span><span class=\"fusion-toggle-heading\">Deli miyim ben?  <\/span><\/a><\/h4><\/div><div id=\"a662d99d1d035d631\" class=\"panel-collapse collapse \" aria-labelledby=\"toggle_a662d99d1d035d631\"><div class=\"panel-body toggle-content fusion-clearfix\">Hay\u0131r, deli de\u011filsiniz. Muhtemelen hayat\u0131n\u0131zda \u00e7ok k\u00f6t\u00fc \u015feyler g\u00f6rd\u00fcn\u00fcz ve duydunuz. Bu t\u00fcr deneyimlerden sonra k\u00f6t\u00fc r\u00fcyalar, olumsuz d\u00fc\u015f\u00fcnceler ve konsantrasyon sorunlar\u0131 ya\u015fayan bir\u00e7ok insan var. Bir\u00e7ok insan da \u015fiddetli stres ya\u015far.   <\/p>\n<p>psz neu-ulm adresinde, k\u0131sa s\u00fcre i\u00e7inde kendinizi yeniden daha iyi hissetmeniz i\u00e7in size yard\u0131mc\u0131 olmak istiyoruz.<\/div><\/div><\/div><div class=\"fusion-panel panel-default panel-f0d85202c8bf79357 fusion-toggle-no-divider\"><div class=\"panel-heading\"><h4 class=\"panel-title toggle\" id=\"toggle_f0d85202c8bf79357\"><a aria-expanded=\"false\" aria-controls=\"f0d85202c8bf79357\" role=\"button\" data-toggle=\"collapse\" data-parent=\"#accordion-8298-1\" data-target=\"#f0d85202c8bf79357\" href=\"#f0d85202c8bf79357\"><span class=\"fusion-toggle-icon-wrapper\" aria-hidden=\"true\"><i class=\"fa-fusion-box active-icon awb-icon-minus\" aria-hidden=\"true\"><\/i><i class=\"fa-fusion-box inactive-icon awb-icon-plus\" aria-hidden=\"true\"><\/i><\/span><span class=\"fusion-toggle-heading\">Gece psz&#039;de kalmak zorunda m\u0131y\u0131m?<\/span><\/a><\/h4><\/div><div id=\"f0d85202c8bf79357\" class=\"panel-collapse collapse \" aria-labelledby=\"toggle_f0d85202c8bf79357\"><div class=\"panel-body toggle-content fusion-clearfix\">Hay\u0131r, bizimle bir gece kalamazs\u0131n\u0131z. Sizi bizimle konu\u015fmaya davet ediyoruz ve sonra tekrar evinize d\u00f6nebilirsiniz.<\/div><\/div><\/div><div class=\"fusion-panel panel-default panel-87575631131a4fea9 fusion-toggle-no-divider\"><div class=\"panel-heading\"><h4 class=\"panel-title toggle\" id=\"toggle_87575631131a4fea9\"><a aria-expanded=\"false\" aria-controls=\"87575631131a4fea9\" role=\"button\" data-toggle=\"collapse\" data-parent=\"#accordion-8298-1\" data-target=\"#87575631131a4fea9\" href=\"#87575631131a4fea9\"><span class=\"fusion-toggle-icon-wrapper\" aria-hidden=\"true\"><i class=\"fa-fusion-box active-icon awb-icon-minus\" aria-hidden=\"true\"><\/i><i class=\"fa-fusion-box inactive-icon awb-icon-plus\" aria-hidden=\"true\"><\/i><\/span><span class=\"fusion-toggle-heading\">Psz&#039;den ila\u00e7 alabilir miyim?<\/span><\/a><\/h4><\/div><div id=\"87575631131a4fea9\" class=\"panel-collapse collapse \" aria-labelledby=\"toggle_87575631131a4fea9\"><div class=\"panel-body toggle-content fusion-clearfix\">\n<p>Hay\u0131r, size herhangi bir ila\u00e7 vermiyoruz. Dan\u0131\u015fmanl\u0131k ile yard\u0131mc\u0131 olmaya \u00e7al\u0131\u015f\u0131yoruz. \u0130laca ihtiyac\u0131n\u0131z varsa, bir doktor bulman\u0131za yard\u0131mc\u0131 olaca\u011f\u0131z.<\/p>\n<\/div><\/div><\/div><div class=\"fusion-panel panel-default panel-0a54257f853bb9ab1 fusion-toggle-no-divider\"><div class=\"panel-heading\"><h4 class=\"panel-title toggle\" id=\"toggle_0a54257f853bb9ab1\"><a aria-expanded=\"false\" aria-controls=\"0a54257f853bb9ab1\" role=\"button\" data-toggle=\"collapse\" data-parent=\"#accordion-8298-1\" data-target=\"#0a54257f853bb9ab1\" href=\"#0a54257f853bb9ab1\"><span class=\"fusion-toggle-icon-wrapper\" aria-hidden=\"true\"><i class=\"fa-fusion-box active-icon awb-icon-minus\" aria-hidden=\"true\"><\/i><i class=\"fa-fusion-box inactive-icon awb-icon-plus\" aria-hidden=\"true\"><\/i><\/span><span class=\"fusion-toggle-heading\">psz neu-ulm &#039;a geldi\u011fimi kim biliyor?<\/span><\/a><\/h4><\/div><div id=\"0a54257f853bb9ab1\" class=\"panel-collapse collapse \" aria-labelledby=\"toggle_0a54257f853bb9ab1\"><div class=\"panel-body toggle-content fusion-clearfix\">\n<p>Bize geldi\u011finizi kimseye s\u00f6ylemeyece\u011fiz. Bize anlatt\u0131klar\u0131n\u0131z\u0131 da kimseye s\u00f6ylemeyiz. Sadece sizin izninizle hikayenizi ba\u015fkalar\u0131na anlataca\u011f\u0131z. Bunu sadece size yard\u0131mc\u0131 olabileceksek yapar\u0131z.<\/p>\n<\/div><\/div><\/div><div class=\"fusion-panel panel-default panel-2be1902c12ebc21c0 fusion-toggle-no-divider\"><div class=\"panel-heading\"><h4 class=\"panel-title toggle\" id=\"toggle_2be1902c12ebc21c0\"><a aria-expanded=\"false\" aria-controls=\"2be1902c12ebc21c0\" role=\"button\" data-toggle=\"collapse\" data-parent=\"#accordion-8298-1\" data-target=\"#2be1902c12ebc21c0\" href=\"#2be1902c12ebc21c0\"><span class=\"fusion-toggle-icon-wrapper\" aria-hidden=\"true\"><i class=\"fa-fusion-box active-icon awb-icon-minus\" aria-hidden=\"true\"><\/i><i class=\"fa-fusion-box inactive-icon awb-icon-plus\" aria-hidden=\"true\"><\/i><\/span><span class=\"fusion-toggle-heading\">Dinim, ten rengim ve cinsel kimli\u011fim nas\u0131l bir rol oynuyor?<\/span><\/a><\/h4><\/div><div id=\"2be1902c12ebc21c0\" class=\"panel-collapse collapse \" aria-labelledby=\"toggle_2be1902c12ebc21c0\"><div class=\"panel-body toggle-content fusion-clearfix\">\n<p>Hristiyan, M\u00fcsl\u00fcman ya da ateist olman\u0131z fark etmeksizin psz neu-ulm adresinden yard\u0131m alabilirsiniz. Di\u011fer t\u00fcm inan\u00e7lara da kap\u0131m\u0131z a\u00e7\u0131kt\u0131r. <\/p>\n<p>LGBTQI+ toplulu\u011funa mensupsan\u0131z da size yard\u0131mc\u0131 olabiliriz.<\/p>\n<p>M\u00fcltecilerin ka\u00e7\u0131\u015f\u0131 s\u0131ras\u0131nda ve Almanya&#8217;da cinsiyet\u00e7ilik, \u0131rk\u00e7\u0131l\u0131k ve queer d\u00fc\u015fmanl\u0131\u011f\u0131ndan etkilendiklerini biliyoruz. Sizi dinliyoruz ve ayr\u0131mc\u0131l\u0131\u011fa u\u011frad\u0131ysan\u0131z ya da ayr\u0131mc\u0131l\u0131ktan etkilendiyseniz yan\u0131n\u0131zday\u0131z.<\/p>\n<\/div><\/div><\/div><div class=\"fusion-panel panel-default panel-34b0c1e69d6ef349e fusion-toggle-no-divider\"><div class=\"panel-heading\"><h4 class=\"panel-title toggle\" id=\"toggle_34b0c1e69d6ef349e\"><a aria-expanded=\"false\" aria-controls=\"34b0c1e69d6ef349e\" role=\"button\" data-toggle=\"collapse\" data-parent=\"#accordion-8298-1\" data-target=\"#34b0c1e69d6ef349e\" href=\"#34b0c1e69d6ef349e\"><span class=\"fusion-toggle-icon-wrapper\" aria-hidden=\"true\"><i class=\"fa-fusion-box active-icon awb-icon-minus\" aria-hidden=\"true\"><\/i><i class=\"fa-fusion-box inactive-icon awb-icon-plus\" aria-hidden=\"true\"><\/i><\/span><span class=\"fusion-toggle-heading\">Neu-Ulm b\u00f6lgesinde ya\u015fam\u0131yorsam da yard\u0131m alabilir miyim?<\/span><\/a><\/h4><\/div><div id=\"34b0c1e69d6ef349e\" class=\"panel-collapse collapse \" aria-labelledby=\"toggle_34b0c1e69d6ef349e\"><div class=\"panel-body toggle-content fusion-clearfix\">\n<p>Bavyera&#8217;n\u0131n di\u011fer b\u00f6lgelerinden (\u00f6rne\u011fin G\u00fcnzburg veya Unterallg\u00e4u) gelenleri de destekliyoruz. Uzun bir yolculu\u011funuz varsa, yol masraflar\u0131n\u0131 kar\u015f\u0131layabiliriz. Ayr\u0131ca yak\u0131nlarda bir destek merkezi bulman\u0131za da yard\u0131mc\u0131 olabiliriz.<\/p>\n<\/div><\/div><\/div><\/div><\/div><\/div><\/div><\/div><\/div>\n","protected":false},"excerpt":{"rendered":"","protected":false},"author":2,"featured_media":0,"parent":0,"menu_order":50,"comment_status":"closed","ping_status":"closed","template":"100-width.php","meta":{"footnotes":""},"class_list":["post-8298","page","type-page","status-publish","hentry"],"yoast_head":"<!-- This site is optimized with the Yoast SEO plugin v27.4 - https:\/\/yoast.com\/product\/yoast-seo-wordpress\/ -->\n<title>SSS - S\u0131k\u00e7a sorulan sorular - psz neu-ulm<\/title>\n<meta name=\"robots\" content=\"index, follow, max-snippet:-1, max-image-preview:large, max-video-preview:-1\" \/>\n<link rel=\"canonical\" href=\"https:\/\/psz-neu-ulm.com\/tr\/sss-sikca-sorulan-sorular\/\" \/>\n<meta property=\"og:locale\" content=\"tr_TR\" \/>\n<meta property=\"og:type\" content=\"article\" \/>\n<meta property=\"og:title\" content=\"SSS - S\u0131k\u00e7a sorulan sorular - psz neu-ulm\" \/>\n<meta property=\"og:url\" content=\"https:\/\/psz-neu-ulm.com\/tr\/sss-sikca-sorulan-sorular\/\" \/>\n<meta property=\"og:site_name\" content=\"psz neu-ulm\" \/>\n<meta property=\"article:modified_time\" content=\"2025-02-28T17:14:54+00:00\" \/>\n<meta name=\"twitter:card\" content=\"summary_large_image\" \/>\n<meta name=\"twitter:label1\" content=\"Tahmini okuma s\u00fcresi\" \/>\n\t<meta name=\"twitter:data1\" content=\"7 dakika\" \/>\n<script type=\"application\/ld+json\" class=\"yoast-schema-graph\">{\"@context\":\"https:\\\/\\\/schema.org\",\"@graph\":[{\"@type\":\"WebPage\",\"@id\":\"https:\\\/\\\/psz-neu-ulm.com\\\/tr\\\/sss-sikca-sorulan-sorular\\\/\",\"url\":\"https:\\\/\\\/psz-neu-ulm.com\\\/tr\\\/sss-sikca-sorulan-sorular\\\/\",\"name\":\"SSS - S\u0131k\u00e7a sorulan sorular - psz neu-ulm\",\"isPartOf\":{\"@id\":\"https:\\\/\\\/psz-neu-ulm.com\\\/tr\\\/#website\"},\"datePublished\":\"2025-01-31T15:28:36+00:00\",\"dateModified\":\"2025-02-28T17:14:54+00:00\",\"breadcrumb\":{\"@id\":\"https:\\\/\\\/psz-neu-ulm.com\\\/tr\\\/sss-sikca-sorulan-sorular\\\/#breadcrumb\"},\"inLanguage\":\"tr\",\"potentialAction\":[{\"@type\":\"ReadAction\",\"target\":[\"https:\\\/\\\/psz-neu-ulm.com\\\/tr\\\/sss-sikca-sorulan-sorular\\\/\"]}]},{\"@type\":\"BreadcrumbList\",\"@id\":\"https:\\\/\\\/psz-neu-ulm.com\\\/tr\\\/sss-sikca-sorulan-sorular\\\/#breadcrumb\",\"itemListElement\":[{\"@type\":\"ListItem\",\"position\":1,\"name\":\"Startseite\",\"item\":\"https:\\\/\\\/psz-neu-ulm.com\\\/tr\\\/baslangic\\\/\"},{\"@type\":\"ListItem\",\"position\":2,\"name\":\"SSS &#8211; S\u0131k\u00e7a sorulan sorular\"}]},{\"@type\":\"WebSite\",\"@id\":\"https:\\\/\\\/psz-neu-ulm.com\\\/tr\\\/#website\",\"url\":\"https:\\\/\\\/psz-neu-ulm.com\\\/tr\\\/\",\"name\":\"psz neu-ulm\",\"description\":\"\",\"publisher\":{\"@id\":\"https:\\\/\\\/psz-neu-ulm.com\\\/tr\\\/#organization\"},\"potentialAction\":[{\"@type\":\"SearchAction\",\"target\":{\"@type\":\"EntryPoint\",\"urlTemplate\":\"https:\\\/\\\/psz-neu-ulm.com\\\/tr\\\/?s={search_term_string}\"},\"query-input\":{\"@type\":\"PropertyValueSpecification\",\"valueRequired\":true,\"valueName\":\"search_term_string\"}}],\"inLanguage\":\"tr\"},{\"@type\":\"Organization\",\"@id\":\"https:\\\/\\\/psz-neu-ulm.com\\\/tr\\\/#organization\",\"name\":\"psz neu-ulm\",\"url\":\"https:\\\/\\\/psz-neu-ulm.com\\\/tr\\\/\",\"logo\":{\"@type\":\"ImageObject\",\"inLanguage\":\"tr\",\"@id\":\"https:\\\/\\\/psz-neu-ulm.com\\\/tr\\\/#\\\/schema\\\/logo\\\/image\\\/\",\"url\":\"https:\\\/\\\/psz-neu-ulm.com\\\/wp-content\\\/uploads\\\/2025\\\/01\\\/Logo-psz-neu-ulm-300.png\",\"contentUrl\":\"https:\\\/\\\/psz-neu-ulm.com\\\/wp-content\\\/uploads\\\/2025\\\/01\\\/Logo-psz-neu-ulm-300.png\",\"width\":300,\"height\":300,\"caption\":\"psz neu-ulm\"},\"image\":{\"@id\":\"https:\\\/\\\/psz-neu-ulm.com\\\/tr\\\/#\\\/schema\\\/logo\\\/image\\\/\"}}]}<\/script>\n<!-- \/ Yoast SEO plugin. -->","yoast_head_json":{"title":"SSS - S\u0131k\u00e7a sorulan sorular - psz neu-ulm","robots":{"index":"index","follow":"follow","max-snippet":"max-snippet:-1","max-image-preview":"max-image-preview:large","max-video-preview":"max-video-preview:-1"},"canonical":"https:\/\/psz-neu-ulm.com\/tr\/sss-sikca-sorulan-sorular\/","og_locale":"tr_TR","og_type":"article","og_title":"SSS - S\u0131k\u00e7a sorulan sorular - psz neu-ulm","og_url":"https:\/\/psz-neu-ulm.com\/tr\/sss-sikca-sorulan-sorular\/","og_site_name":"psz neu-ulm","article_modified_time":"2025-02-28T17:14:54+00:00","twitter_card":"summary_large_image","twitter_misc":{"Tahmini okuma s\u00fcresi":"7 dakika"},"schema":{"@context":"https:\/\/schema.org","@graph":[{"@type":"WebPage","@id":"https:\/\/psz-neu-ulm.com\/tr\/sss-sikca-sorulan-sorular\/","url":"https:\/\/psz-neu-ulm.com\/tr\/sss-sikca-sorulan-sorular\/","name":"SSS - S\u0131k\u00e7a sorulan sorular - psz neu-ulm","isPartOf":{"@id":"https:\/\/psz-neu-ulm.com\/tr\/#website"},"datePublished":"2025-01-31T15:28:36+00:00","dateModified":"2025-02-28T17:14:54+00:00","breadcrumb":{"@id":"https:\/\/psz-neu-ulm.com\/tr\/sss-sikca-sorulan-sorular\/#breadcrumb"},"inLanguage":"tr","potentialAction":[{"@type":"ReadAction","target":["https:\/\/psz-neu-ulm.com\/tr\/sss-sikca-sorulan-sorular\/"]}]},{"@type":"BreadcrumbList","@id":"https:\/\/psz-neu-ulm.com\/tr\/sss-sikca-sorulan-sorular\/#breadcrumb","itemListElement":[{"@type":"ListItem","position":1,"name":"Startseite","item":"https:\/\/psz-neu-ulm.com\/tr\/baslangic\/"},{"@type":"ListItem","position":2,"name":"SSS &#8211; S\u0131k\u00e7a sorulan sorular"}]},{"@type":"WebSite","@id":"https:\/\/psz-neu-ulm.com\/tr\/#website","url":"https:\/\/psz-neu-ulm.com\/tr\/","name":"psz neu-ulm","description":"","publisher":{"@id":"https:\/\/psz-neu-ulm.com\/tr\/#organization"},"potentialAction":[{"@type":"SearchAction","target":{"@type":"EntryPoint","urlTemplate":"https:\/\/psz-neu-ulm.com\/tr\/?s={search_term_string}"},"query-input":{"@type":"PropertyValueSpecification","valueRequired":true,"valueName":"search_term_string"}}],"inLanguage":"tr"},{"@type":"Organization","@id":"https:\/\/psz-neu-ulm.com\/tr\/#organization","name":"psz neu-ulm","url":"https:\/\/psz-neu-ulm.com\/tr\/","logo":{"@type":"ImageObject","inLanguage":"tr","@id":"https:\/\/psz-neu-ulm.com\/tr\/#\/schema\/logo\/image\/","url":"https:\/\/psz-neu-ulm.com\/wp-content\/uploads\/2025\/01\/Logo-psz-neu-ulm-300.png","contentUrl":"https:\/\/psz-neu-ulm.com\/wp-content\/uploads\/2025\/01\/Logo-psz-neu-ulm-300.png","width":300,"height":300,"caption":"psz neu-ulm"},"image":{"@id":"https:\/\/psz-neu-ulm.com\/tr\/#\/schema\/logo\/image\/"}}]}},"_links":{"self":[{"href":"https:\/\/psz-neu-ulm.com\/tr\/wp-json\/wp\/v2\/pages\/8298","targetHints":{"allow":["GET"]}}],"collection":[{"href":"https:\/\/psz-neu-ulm.com\/tr\/wp-json\/wp\/v2\/pages"}],"about":[{"href":"https:\/\/psz-neu-ulm.com\/tr\/wp-json\/wp\/v2\/types\/page"}],"author":[{"embeddable":true,"href":"https:\/\/psz-neu-ulm.com\/tr\/wp-json\/wp\/v2\/users\/2"}],"replies":[{"embeddable":true,"href":"https:\/\/psz-neu-ulm.com\/tr\/wp-json\/wp\/v2\/comments?post=8298"}],"version-history":[{"count":5,"href":"https:\/\/psz-neu-ulm.com\/tr\/wp-json\/wp\/v2\/pages\/8298\/revisions"}],"predecessor-version":[{"id":9099,"href":"https:\/\/psz-neu-ulm.com\/tr\/wp-json\/wp\/v2\/pages\/8298\/revisions\/9099"}],"wp:attachment":[{"href":"https:\/\/psz-neu-ulm.com\/tr\/wp-json\/wp\/v2\/media?parent=8298"}],"curies":[{"name":"wp","href":"https:\/\/api.w.org\/{rel}","templated":true}]}}